{"id":218,"date":"2022-09-08T01:09:31","date_gmt":"2022-09-08T01:09:31","guid":{"rendered":"https:\/\/www.lg-apartments.de\/cms\/?page_id=218"},"modified":"2024-01-08T20:37:14","modified_gmt":"2024-01-08T20:37:14","slug":"partner-firmen","status":"publish","type":"page","link":"https:\/\/www.lg-apartments.de\/cms\/partner-firmen\/","title":{"rendered":"Planer &#038; Firmen"},"content":{"rendered":"\n<p>Am Projekt Windm\u00fchlberg 30 hat die LG Apartments GmbH mit ans\u00e4ssigen bzw. ortsnahen Unternehmen zusammengearbeitet:<br><br>Architekturb\u00fcro Domscheit &amp; Siegordner, Ansbach<br>Statik R\u00fchrschneck &amp; Habelt, Leutershausen<br>Energieberatung Boris Jungbauer, Ansbach<br><br>Handwerker: <br>Degel Sanit\u00e4r, Stettner Elekto, Stiegler Verputz- und Malerarbeiten, Vogt Dach \u2013 und Spenglerarbeiten, B\u00fcrkel Bauunternehmen<\/p>\n","protected":false},"excerpt":{"rendered":"<p>Am Projekt Windm\u00fchlberg 30 hat die LG Apartments GmbH mit ans\u00e4ssigen bzw. ortsnahen Unternehmen zusammengearbeitet: Architekturb\u00fcro Domscheit &amp; Siegordner, AnsbachStatik R\u00fchrschneck &amp; Habelt, LeutershausenEnergieberatung Boris Jungbauer, Ansbach Handwerker: Degel Sanit\u00e4r, Stettner Elekto, Stiegler Verputz- und Malerarbeiten, Vogt Dach \u2013 und Spenglerarbeiten, B\u00fcrkel Bauunternehmen<\/p>\n","protected":false},"author":1,"featured_media":0,"parent":0,"menu_order":0,"comment_status":"closed","ping_status":"closed","template":"","meta":{"footnotes":""},"class_list":["post-218","page","type-page","status-publish","hentry","post"],"_links":{"self":[{"href":"https:\/\/www.lg-apartments.de\/cms\/wp-json\/wp\/v2\/pages\/218","targetHints":{"allow":["GET"]}}],"collection":[{"href":"https:\/\/www.lg-apartments.de\/cms\/wp-json\/wp\/v2\/pages"}],"about":[{"href":"https:\/\/www.lg-apartments.de\/cms\/wp-json\/wp\/v2\/types\/page"}],"author":[{"embeddable":true,"href":"https:\/\/www.lg-apartments.de\/cms\/wp-json\/wp\/v2\/users\/1"}],"replies":[{"embeddable":true,"href":"https:\/\/www.lg-apartments.de\/cms\/wp-json\/wp\/v2\/comments?post=218"}],"version-history":[{"count":7,"href":"https:\/\/www.lg-apartments.de\/cms\/wp-json\/wp\/v2\/pages\/218\/revisions"}],"predecessor-version":[{"id":474,"href":"https:\/\/www.lg-apartments.de\/cms\/wp-json\/wp\/v2\/pages\/218\/revisions\/474"}],"wp:attachment":[{"href":"https:\/\/www.lg-apartments.de\/cms\/wp-json\/wp\/v2\/media?parent=218"}],"curies":[{"name":"wp","href":"https:\/\/api.w.org\/{rel}","templated":true}]}}