{"id":149,"date":"2022-09-06T12:06:09","date_gmt":"2022-09-06T12:06:09","guid":{"rendered":"https:\/\/www.lg-apartments.de\/cms\/?page_id=149"},"modified":"2022-09-09T15:23:37","modified_gmt":"2022-09-09T15:23:37","slug":"impressum","status":"publish","type":"page","link":"https:\/\/www.lg-apartments.de\/cms\/impressum\/","title":{"rendered":"Impressum"},"content":{"rendered":"\n<p><strong>LG Apartments GmbH<\/strong><br>Windm\u00fchlberg 28<br>91522 Ansbach<br><br>Gesch\u00e4ftsf\u00fchrer: <br>Laurence Guild<br>Telefon: +49 151 641 889 13<br><a href=\"mailto:lgapartments.an@gmail.com\">kontakt@lg-apartments.de<\/a><\/p>\n\n\n\n<p><br>Steuer-Nr. 203\/131\/30240<br>Amtsgericht Ansbach: HRB 7228<\/p>\n\n\n\n<p class=\"has-cyan-bluish-gray-color has-text-color\">&#8212;&#8212;&#8212;&#8212;&#8212;&#8212;&#8212;&#8212;&#8212;&#8212;&#8212;&#8212;&#8212;&#8212;&#8212;&#8212;<\/p>\n\n\n\n<p class=\"has-cyan-bluish-gray-color has-text-color\"><strong>Realisierung Webauftritt:<\/strong><br><a href=\"http:\/\/www.gepixel.de\">www.gepixel.de<\/a> | Agentur f\u00fcr visuelle Kommunikation <\/p>\n","protected":false},"excerpt":{"rendered":"<p>LG Apartments GmbHWindm\u00fchlberg 2891522 Ansbach Gesch\u00e4ftsf\u00fchrer: Laurence GuildTelefon: +49 151 641 889 13kontakt@lg-apartments.de Steuer-Nr. 203\/131\/30240Amtsgericht Ansbach: HRB 7228 &#8212;&#8212;&#8212;&#8212;&#8212;&#8212;&#8212;&#8212;&#8212;&#8212;&#8212;&#8212;&#8212;&#8212;&#8212;&#8212; Realisierung Webauftritt:www.gepixel.de | Agentur f\u00fcr visuelle Kommunikation<\/p>\n","protected":false},"author":1,"featured_media":0,"parent":0,"menu_order":0,"comment_status":"closed","ping_status":"closed","template":"","meta":{"footnotes":""},"class_list":["post-149","page","type-page","status-publish","hentry","post"],"_links":{"self":[{"href":"https:\/\/www.lg-apartments.de\/cms\/wp-json\/wp\/v2\/pages\/149","targetHints":{"allow":["GET"]}}],"collection":[{"href":"https:\/\/www.lg-apartments.de\/cms\/wp-json\/wp\/v2\/pages"}],"about":[{"href":"https:\/\/www.lg-apartments.de\/cms\/wp-json\/wp\/v2\/types\/page"}],"author":[{"embeddable":true,"href":"https:\/\/www.lg-apartments.de\/cms\/wp-json\/wp\/v2\/users\/1"}],"replies":[{"embeddable":true,"href":"https:\/\/www.lg-apartments.de\/cms\/wp-json\/wp\/v2\/comments?post=149"}],"version-history":[{"count":7,"href":"https:\/\/www.lg-apartments.de\/cms\/wp-json\/wp\/v2\/pages\/149\/revisions"}],"predecessor-version":[{"id":292,"href":"https:\/\/www.lg-apartments.de\/cms\/wp-json\/wp\/v2\/pages\/149\/revisions\/292"}],"wp:attachment":[{"href":"https:\/\/www.lg-apartments.de\/cms\/wp-json\/wp\/v2\/media?parent=149"}],"curies":[{"name":"wp","href":"https:\/\/api.w.org\/{rel}","templated":true}]}}