{"id":112,"date":"2022-08-12T11:18:02","date_gmt":"2022-08-12T11:18:02","guid":{"rendered":"http:\/\/www.lg-apartments.de\/cms\/?page_id=112"},"modified":"2023-04-18T16:32:25","modified_gmt":"2023-04-18T16:32:25","slug":"planung-entwicklung","status":"publish","type":"page","link":"https:\/\/www.lg-apartments.de\/cms\/planung-entwicklung\/","title":{"rendered":"Wohnen in Ansbach"},"content":{"rendered":"\n<p>Wir bieten Ihnen energieeffiziente Eigentumswohnungen am \u00f6stlichen Stadtrand von Ansbach. Das Geb\u00e4ude bedient den modernsten Standard von Neubauwohnungen; Luft-W\u00e4rmepumpen und Photovoltaikanlage, W\u00e4rme- und Schallschutzfenster nach <strong>kfw55EE<\/strong>-Standard-Konzept erneuerbare Energieformen.<br>Die gro\u00dfen, <strong>\u00fcberdachten Balkone<\/strong> (je ca.16 m\u00b2) werden hierbei nur mit<strong> 25 % des \u00fcblichen Marktpreises<\/strong> berechnet (allgemein \u00fcblich w\u00e4ren 50% vom Grundpreis)<br><br><strong>Die Ausstattungsmerkmale in der \u00dcbersicht:<\/strong><\/p>\n\n\n\n<ul class=\"wp-block-list\">\n<li><strong>Verf\u00fcgbare Wohnungsgr\u00f6\u00dfen von ca. 76 m\u00b2 &#8211; 125 m\u00b2<\/strong><\/li>\n\n\n\n<li><strong>Hervorragender Blick \u00fcber die Stadt<\/strong><\/li>\n\n\n\n<li><strong>Beste Lage (kurzer Weg zum Stadtzentrum)<\/strong><\/li>\n\n\n\n<li><strong>Schnelle Anbindung nach N\u00fcrnberg<\/strong><\/li>\n\n\n\n<li><strong>Barrierefreiheit durch Aufzug und breite Korridore<\/strong><\/li>\n\n\n\n<li><strong>Erstbezug nach Sanierung (ab 2023)<\/strong><\/li>\n\n\n\n<li><strong>Gro\u00dfe \u00fcberdachte Balkone (ca. 16 m\u00b2)<\/strong><\/li>\n\n\n\n<li><strong>komfortable Au\u00dfenanlagen<\/strong><\/li>\n\n\n\n<li><strong>Hausmeisterservice<\/strong><\/li>\n\n\n\n<li><strong>Hausverwaltung<\/strong><\/li>\n<\/ul>\n\n\n\n<p>Desweiteren:<br>Stellpl\u00e4tze und Carports (optional), <a href=\"\/cms\/partner-firmen\/\" data-type=\"URL\" data-id=\"\/cms\/partner-firmen\/\">Dienst- Handwerksleistungen regionaler Unternehme<\/a><a href=\"http:\/\/cms\/partner-firmen\/\">n<\/a><\/p>\n","protected":false},"excerpt":{"rendered":"<p>Wir bieten Ihnen energieeffiziente Eigentumswohnungen am \u00f6stlichen Stadtrand von Ansbach. Das Geb\u00e4ude bedient den modernsten Standard von Neubauwohnungen; Luft-W\u00e4rmepumpen und Photovoltaikanlage, W\u00e4rme- und Schallschutzfenster nach kfw55EE-Standard-Konzept erneuerbare Energieformen.Die gro\u00dfen, \u00fcberdachten Balkone (je ca.16 m\u00b2) werden hierbei nur mit 25 % des \u00fcblichen Marktpreises berechnet (allgemein \u00fcblich w\u00e4ren 50% vom Grundpreis) Die Ausstattungsmerkmale in der \u00dcbersicht: [&hellip;]<\/p>\n","protected":false},"author":1,"featured_media":200,"parent":0,"menu_order":0,"comment_status":"closed","ping_status":"closed","template":"","meta":{"footnotes":""},"class_list":["post-112","page","type-page","status-publish","has-post-thumbnail","hentry","post","post-with-thumbnail","post-with-thumbnail-large"],"_links":{"self":[{"href":"https:\/\/www.lg-apartments.de\/cms\/wp-json\/wp\/v2\/pages\/112","targetHints":{"allow":["GET"]}}],"collection":[{"href":"https:\/\/www.lg-apartments.de\/cms\/wp-json\/wp\/v2\/pages"}],"about":[{"href":"https:\/\/www.lg-apartments.de\/cms\/wp-json\/wp\/v2\/types\/page"}],"author":[{"embeddable":true,"href":"https:\/\/www.lg-apartments.de\/cms\/wp-json\/wp\/v2\/users\/1"}],"replies":[{"embeddable":true,"href":"https:\/\/www.lg-apartments.de\/cms\/wp-json\/wp\/v2\/comments?post=112"}],"version-history":[{"count":9,"href":"https:\/\/www.lg-apartments.de\/cms\/wp-json\/wp\/v2\/pages\/112\/revisions"}],"predecessor-version":[{"id":410,"href":"https:\/\/www.lg-apartments.de\/cms\/wp-json\/wp\/v2\/pages\/112\/revisions\/410"}],"wp:featuredmedia":[{"embeddable":true,"href":"https:\/\/www.lg-apartments.de\/cms\/wp-json\/wp\/v2\/media\/200"}],"wp:attachment":[{"href":"https:\/\/www.lg-apartments.de\/cms\/wp-json\/wp\/v2\/media?parent=112"}],"curies":[{"name":"wp","href":"https:\/\/api.w.org\/{rel}","templated":true}]}}